{"id":239,"date":"2021-08-18T13:54:32","date_gmt":"2021-08-18T11:54:32","guid":{"rendered":"https:\/\/www.elektromaul.de\/de\/?page_id=239"},"modified":"2023-02-10T13:03:10","modified_gmt":"2023-02-10T12:03:10","slug":"impressum","status":"publish","type":"page","link":"https:\/\/www.elektromaul.de\/de\/impressum\/","title":{"rendered":"Impressum"},"content":{"rendered":"<p>[et_pb_section fb_built=&#8220;1&#8243; disabled_on=&#8220;on|off|off&#8220; _builder_version=&#8220;4.9.11&#8243; _module_preset=&#8220;default&#8220; width=&#8220;100%&#8220; max_width=&#8220;100%&#8220; custom_margin=&#8220;0px|0px|0px|0px|false|false&#8220; custom_padding=&#8220;0px|0px|0px|0px|false|false&#8220; locked=&#8220;off&#8220; global_colors_info=&#8220;{}&#8220;][et_pb_row disabled_on=&#8220;off|off|off&#8220; _builder_version=&#8220;4.9.11&#8243; _module_preset=&#8220;default&#8220; use_background_color_gradient=&#8220;on&#8220; background_color_gradient_start=&#8220;#d4d6d8&#8243; background_color_gradient_end=&#8220;rgba(255,255,255,0)&#8220; background_color_gradient_start_position=&#8220;60%&#8220; background_color_gradient_end_position=&#8220;60%&#8220; z_index=&#8220;99998&#8243; width=&#8220;100%&#8220; max_width=&#8220;100%&#8220; custom_margin=&#8220;0px|0px|0px|0px|false|false&#8220; custom_padding=&#8220;0px||||false|false&#8220; sticky_position=&#8220;top&#8220; sticky_offset_top=&#8220;33px&#8220; sticky_offset_surrounding=&#8220;off&#8220; global_colors_info=&#8220;{}&#8220;][et_pb_column type=&#8220;4_4&#8243; _builder_version=&#8220;4.9.11&#8243; _module_preset=&#8220;default&#8220; global_colors_info=&#8220;{}&#8220;][et_pb_image src=&#8220;https:\/\/www.elektromaul.de\/de\/wp-content\/uploads\/2021\/08\/maul_logosymbol.svg&#8220; title_text=&#8220;maul_logosymbol&#8220; url=&#8220;@ET-DC@eyJkeW5hbWljIjp0cnVlLCJjb250ZW50IjoicG9zdF9saW5rX3VybF9wYWdlIiwic2V0dGluZ3MiOnsicG9zdF9pZCI6IjE2In19@&#8220; _builder_version=&#8220;4.9.11&#8243; _dynamic_attributes=&#8220;url&#8220; _module_preset=&#8220;default&#8220; width=&#8220;30vw&#8220; custom_margin=&#8220;0px||0px||false|false&#8220; custom_padding=&#8220;0px||0px||false|false&#8220; custom_css_main_element=&#8220;display:inline-block;&#8220; global_colors_info=&#8220;{}&#8220;][\/et_pb_image][et_pb_image src=&#8220;https:\/\/www.elektromaul.de\/de\/wp-content\/uploads\/2021\/08\/Uns.svg&#8220; title_text=&#8220;Uns_hover&#8220; url=&#8220;https:\/\/www.elektromaul.de\/de\/Startseite#ueber_uns&#8220; show_bottom_space=&#8220;off&#8220; _builder_version=&#8220;4.9.11&#8243; _module_preset=&#8220;default&#8220; height=&#8220;2vw&#8220; custom_margin=&#8220;||||false|false&#8220; custom_padding=&#8220;||||false|false&#8220; custom_css_main_element=&#8220;display:inline-block;||vertical-align: top;||padding-top:5vw;||padding-left:100px;&#8220; global_colors_info=&#8220;{}&#8220; src__hover_enabled=&#8220;on|hover&#8220; src__hover=&#8220;https:\/\/www.elektromaul.de\/de\/wp-content\/uploads\/2021\/08\/Uns_hover.svg&#8220;][\/et_pb_image][et_pb_image src=&#8220;https:\/\/www.elektromaul.de\/de\/wp-content\/uploads\/2021\/08\/Aktuelles.svg&#8220; title_text=&#8220;Aktuelles_hover&#8220; url=&#8220;https:\/\/www.elektromaul.de\/de\/Startseite#aktuelles&#8220; show_bottom_space=&#8220;off&#8220; _builder_version=&#8220;4.9.11&#8243; _module_preset=&#8220;default&#8220; height=&#8220;2vw&#8220; custom_margin=&#8220;||||false|false&#8220; custom_padding=&#8220;||||false|false&#8220; custom_css_main_element=&#8220;display:inline-block;||vertical-align: top;||padding-top:5vw;||padding-left:10px;&#8220; global_colors_info=&#8220;{}&#8220; src__hover_enabled=&#8220;on|hover&#8220; src__hover=&#8220;https:\/\/www.elektromaul.de\/de\/wp-content\/uploads\/2021\/08\/Aktuelles_hover.svg&#8220;][\/et_pb_image][et_pb_image src=&#8220;https:\/\/www.elektromaul.de\/de\/wp-content\/uploads\/2021\/08\/Kompetenzen.svg&#8220; title_text=&#8220;Kompetenzen_hover&#8220; url=&#8220;https:\/\/www.elektromaul.de\/de\/Startseite#unsere_kompetenzen&#8220; show_bottom_space=&#8220;off&#8220; _builder_version=&#8220;4.9.11&#8243; _module_preset=&#8220;default&#8220; height=&#8220;2vw&#8220; custom_margin=&#8220;||||false|false&#8220; custom_padding=&#8220;||||false|false&#8220; custom_css_main_element=&#8220;display:inline-block;||vertical-align: top;||padding-top:5vw;||padding-left:10px;&#8220; global_colors_info=&#8220;{}&#8220; src__hover_enabled=&#8220;on|hover&#8220; src__hover=&#8220;https:\/\/www.elektromaul.de\/de\/wp-content\/uploads\/2021\/08\/Kompetenzen_hover.svg&#8220;][\/et_pb_image][et_pb_image src=&#8220;https:\/\/www.elektromaul.de\/de\/wp-content\/uploads\/2021\/08\/Partner.svg&#8220; title_text=&#8220;Partner_hover&#8220; url=&#8220;https:\/\/www.elektromaul.de\/de\/Startseite#unsere_markenpartner&#8220; show_bottom_space=&#8220;off&#8220; _builder_version=&#8220;4.9.11&#8243; _module_preset=&#8220;default&#8220; height=&#8220;2vw&#8220; custom_margin=&#8220;||||false|false&#8220; custom_padding=&#8220;||||false|false&#8220; custom_css_main_element=&#8220;display:inline-block;||vertical-align: top;||padding-top:5vw;||padding-left:10px;&#8220; global_colors_info=&#8220;{}&#8220; src__hover_enabled=&#8220;on|hover&#8220; src__hover=&#8220;https:\/\/www.elektromaul.de\/de\/wp-content\/uploads\/2021\/08\/Partner_hover.svg&#8220;][\/et_pb_image][et_pb_image src=&#8220;https:\/\/www.elektromaul.de\/de\/wp-content\/uploads\/2021\/08\/Kontakt.svg&#8220; title_text=&#8220;Kontakt_hover&#8220; url=&#8220;#kontakt&#8220; show_bottom_space=&#8220;off&#8220; _builder_version=&#8220;4.10.1&#8243; _module_preset=&#8220;default&#8220; height=&#8220;2vw&#8220; custom_margin=&#8220;||||false|false&#8220; custom_padding=&#8220;||||false|false&#8220; custom_css_main_element=&#8220;display:inline-block;||vertical-align: top;||padding-top:5vw;||padding-left:10px;&#8220; global_colors_info=&#8220;{}&#8220; src__hover_enabled=&#8220;on|hover&#8220; src__hover=&#8220;https:\/\/www.elektromaul.de\/de\/wp-content\/uploads\/2021\/08\/Kontakt_hover.svg&#8220;][\/et_pb_image][\/et_pb_column][\/et_pb_row][\/et_pb_section][et_pb_section fb_built=&#8220;1&#8243; _builder_version=&#8220;4.9.11&#8243; _module_preset=&#8220;default&#8220; width=&#8220;100%&#8220; max_width=&#8220;100%&#8220; custom_margin=&#8220;0px|0px|0px|0px|false|false&#8220; custom_padding=&#8220;0px|0px|0px|0px|false|false&#8220; global_colors_info=&#8220;{}&#8220;][et_pb_row column_structure=&#8220;1_2,1_2&#8243; _builder_version=&#8220;4.9.11&#8243; _module_preset=&#8220;default&#8220; z_index=&#8220;999&#8243; width=&#8220;90%&#8220; max_width=&#8220;90%&#8220; custom_margin=&#8220;||||false|false&#8220; custom_padding=&#8220;||0px||false|false&#8220; saved_tabs=&#8220;all&#8220; global_colors_info=&#8220;{}&#8220;][et_pb_column type=&#8220;1_2&#8243; _builder_version=&#8220;4.9.11&#8243; _module_preset=&#8220;default&#8220; global_colors_info=&#8220;{}&#8220;][et_pb_text _builder_version=&#8220;4.9.11&#8243; _module_preset=&#8220;default&#8220; global_colors_info=&#8220;{}&#8220;]<\/p>\n<h3><strong>IMPRESSUM<\/strong><\/h3>\n<p>[\/et_pb_text][et_pb_text _builder_version=&#8220;4.14.8&#8243; _module_preset=&#8220;default&#8220; global_colors_info=&#8220;{}&#8220;]<\/p>\n<div class=\"clearfix grpelem shared_content\" id=\"u36307-4\" data-content-guid=\"u36307-4_content\">\n<div class=\"et_pb_module et_pb_text et_pb_text_1  et_pb_text_align_center et_pb_bg_layout_light\">\n<div class=\"et_pb_text_inner\">\n<h4 class=\"et_pb_toggle_title\" style=\"text-align: left;\"><b>Anbieterkennzeichnung nach \u00a7 5 TMG:<\/b><\/h4>\n<h4 class=\"et_pb_toggle_title\" style=\"text-align: left;\"><\/h4>\n<p style=\"text-align: left;\">Anschrift:<br \/>Hauptstra\u00dfe 12<br \/>91249 Weigendorf<br \/>Telefon: 09154 4897<br \/>Telefax: 09154 5953<br \/>E-Mail: <a href=\"mailto:%20info@physiotherapie-medicus.de\">info@elektromaul.de<\/a><\/p>\n<\/div>\n<\/div>\n<div class=\"et_pb_module et_pb_divider et_pb_divider_0 et_pb_divider_position_center et_pb_space\">\n<div class=\"et_pb_divider_internal\"><\/div>\n<\/div>\n<div class=\"et_pb_module et_pb_text et_pb_text_3  et_pb_text_align_center et_pb_bg_layout_light\">\n<div class=\"et_pb_text_inner\">\n<p class=\"et_pb_toggle_title\" style=\"text-align: left;\">Verantwortlich f\u00fcr Inhalt:<\/p>\n<p style=\"text-align: left;\"><a href=\"mailto:%20info@physiotherapie-medicus.de\"><\/a>Helmut Maul<br \/>Hauptstra\u00dfe 12<br \/>91249 Weigendorf<br \/>info@elektromaul.de<\/p>\n<\/div>\n<\/div>\n<div class=\"et_pb_module et_pb_divider et_pb_divider_1 et_pb_divider_position_center et_pb_space\">\n<div class=\"et_pb_divider_internal\"><\/div>\n<\/div>\n<div class=\"et_pb_module et_pb_text et_pb_text_4  et_pb_text_align_center et_pb_bg_layout_light\">\n<div class=\"et_pb_text_inner\">\n<p class=\"et_pb_toggle_title\" style=\"text-align: left;\">Inhaber:<br \/>Helmut Maul<\/p>\n<h4 style=\"text-align: left;\"><\/h4>\n<\/div>\n<\/div>\n<div class=\"et_pb_module et_pb_divider et_pb_divider_2 et_pb_divider_position_center et_pb_space\">\n<div class=\"et_pb_divider_internal\"><\/div>\n<\/div>\n<div class=\"et_pb_module et_pb_text et_pb_text_5  et_pb_text_align_center et_pb_bg_layout_light\">\n<div class=\"et_pb_text_inner\">\n<p class=\"et_pb_toggle_title\" style=\"text-align: left;\">Umsatzsteuer-Nummer:<br \/>201\/248\/60777<\/p>\n<\/div>\n<\/div>\n<div class=\"et_pb_module et_pb_divider et_pb_divider_6 et_pb_divider_position_center et_pb_space\">\n<div class=\"et_pb_divider_internal\">\n<p><a href=\"https:\/\/www.held-werbung.de\" target=\"_blank\" rel=\"noopener\" title=\"held: werbe &amp; grafik studio\"><\/a><\/p>\n<\/div>\n<\/div>\n<div class=\"et_pb_module et_pb_text et_pb_text_9  et_pb_text_align_center et_pb_bg_layout_light\">\n<div class=\"et_pb_text_inner\">\n<p>&nbsp;<\/p>\n<\/div>\n<\/div>\n<\/div>\n<p>[\/et_pb_text][\/et_pb_column][et_pb_column type=&#8220;1_2&#8243; _builder_version=&#8220;4.9.11&#8243; _module_preset=&#8220;default&#8220; global_colors_info=&#8220;{}&#8220;][\/et_pb_column][\/et_pb_row][\/et_pb_section]<\/p>\n","protected":false},"excerpt":{"rendered":"<p>IMPRESSUM Anbieterkennzeichnung nach \u00a7 5 TMG: Anschrift:Hauptstra\u00dfe 1291249 WeigendorfTelefon: 09154 4897Telefax: 09154 5953E-Mail: info@elektromaul.de Verantwortlich f\u00fcr Inhalt: Helmut MaulHauptstra\u00dfe 1291249 Weigendorfinfo@elektromaul.de Inhaber:Helmut Maul Umsatzsteuer-Nummer:201\/248\/60777 &nbsp;<\/p>\n","protected":false},"author":1,"featured_media":0,"parent":0,"menu_order":0,"comment_status":"closed","ping_status":"closed","template":"","meta":{"_et_pb_use_builder":"on","_et_pb_old_content":"","_et_gb_content_width":"","footnotes":""},"class_list":["post-239","page","type-page","status-publish","hentry"],"_links":{"self":[{"href":"https:\/\/www.elektromaul.de\/de\/wp-json\/wp\/v2\/pages\/239","targetHints":{"allow":["GET"]}}],"collection":[{"href":"https:\/\/www.elektromaul.de\/de\/wp-json\/wp\/v2\/pages"}],"about":[{"href":"https:\/\/www.elektromaul.de\/de\/wp-json\/wp\/v2\/types\/page"}],"author":[{"embeddable":true,"href":"https:\/\/www.elektromaul.de\/de\/wp-json\/wp\/v2\/users\/1"}],"replies":[{"embeddable":true,"href":"https:\/\/www.elektromaul.de\/de\/wp-json\/wp\/v2\/comments?post=239"}],"version-history":[{"count":18,"href":"https:\/\/www.elektromaul.de\/de\/wp-json\/wp\/v2\/pages\/239\/revisions"}],"predecessor-version":[{"id":816,"href":"https:\/\/www.elektromaul.de\/de\/wp-json\/wp\/v2\/pages\/239\/revisions\/816"}],"wp:attachment":[{"href":"https:\/\/www.elektromaul.de\/de\/wp-json\/wp\/v2\/media?parent=239"}],"curies":[{"name":"wp","href":"https:\/\/api.w.org\/{rel}","templated":true}]}}