{"id":285,"date":"2021-08-18T15:05:15","date_gmt":"2021-08-18T13:05:15","guid":{"rendered":"https:\/\/www.elektromaul.de\/de\/?page_id=285"},"modified":"2024-04-04T16:38:43","modified_gmt":"2024-04-04T14:38:43","slug":"elektromobilitaet","status":"publish","type":"page","link":"https:\/\/www.elektromaul.de\/de\/elektromobilitaet\/","title":{"rendered":"Elektromobilit\u00e4t"},"content":{"rendered":"<p>[et_pb_section fb_built=&#8220;1&#8243; disabled_on=&#8220;on|off|off&#8220; _builder_version=&#8220;4.9.11&#8243; _module_preset=&#8220;default&#8220; width=&#8220;100%&#8220; max_width=&#8220;100%&#8220; custom_margin=&#8220;0px|0px|0px|0px|false|false&#8220; custom_padding=&#8220;0px|0px|0px|0px|false|false&#8220; locked=&#8220;off&#8220; global_colors_info=&#8220;{}&#8220;][et_pb_row disabled_on=&#8220;off|off|off&#8220; _builder_version=&#8220;4.9.11&#8243; _module_preset=&#8220;default&#8220; use_background_color_gradient=&#8220;on&#8220; background_color_gradient_start=&#8220;#d4d6d8&#8243; background_color_gradient_end=&#8220;rgba(255,255,255,0)&#8220; background_color_gradient_start_position=&#8220;60%&#8220; background_color_gradient_end_position=&#8220;60%&#8220; z_index=&#8220;99998&#8243; width=&#8220;100%&#8220; max_width=&#8220;100%&#8220; custom_margin=&#8220;0px|0px|0px|0px|false|false&#8220; custom_padding=&#8220;0px||||false|false&#8220; sticky_position=&#8220;top&#8220; sticky_offset_top=&#8220;33px&#8220; sticky_offset_surrounding=&#8220;off&#8220; global_colors_info=&#8220;{}&#8220;][et_pb_column type=&#8220;4_4&#8243; _builder_version=&#8220;4.9.11&#8243; _module_preset=&#8220;default&#8220; global_colors_info=&#8220;{}&#8220;][et_pb_image src=&#8220;https:\/\/www.elektromaul.de\/de\/wp-content\/uploads\/2021\/08\/maul_logosymbol.svg&#8220; title_text=&#8220;maul_logosymbol&#8220; url=&#8220;@ET-DC@eyJkeW5hbWljIjp0cnVlLCJjb250ZW50IjoicG9zdF9saW5rX3VybF9wYWdlIiwic2V0dGluZ3MiOnsicG9zdF9pZCI6IjE2In19@&#8220; _builder_version=&#8220;4.9.11&#8243; _dynamic_attributes=&#8220;url&#8220; _module_preset=&#8220;default&#8220; width=&#8220;30vw&#8220; custom_margin=&#8220;0px||0px||false|false&#8220; custom_padding=&#8220;0px||0px||false|false&#8220; custom_css_main_element=&#8220;display:inline-block;&#8220; global_colors_info=&#8220;{}&#8220;][\/et_pb_image][et_pb_image src=&#8220;https:\/\/www.elektromaul.de\/de\/wp-content\/uploads\/2021\/08\/Uns.svg&#8220; title_text=&#8220;Uns_hover&#8220; url=&#8220;https:\/\/www.elektromaul.de\/de\/Startseite#ueber_uns&#8220; show_bottom_space=&#8220;off&#8220; _builder_version=&#8220;4.9.11&#8243; _module_preset=&#8220;default&#8220; height=&#8220;2vw&#8220; custom_margin=&#8220;||||false|false&#8220; custom_padding=&#8220;||||false|false&#8220; custom_css_main_element=&#8220;display:inline-block;||vertical-align: top;||padding-top:5vw;||padding-left:100px;&#8220; global_colors_info=&#8220;{}&#8220; src__hover_enabled=&#8220;on|hover&#8220; src__hover=&#8220;https:\/\/www.elektromaul.de\/de\/wp-content\/uploads\/2021\/08\/Uns_hover.svg&#8220;][\/et_pb_image][et_pb_image src=&#8220;https:\/\/www.elektromaul.de\/de\/wp-content\/uploads\/2021\/08\/Aktuelles.svg&#8220; title_text=&#8220;Aktuelles_hover&#8220; url=&#8220;https:\/\/www.elektromaul.de\/de\/Startseite#aktuelles&#8220; show_bottom_space=&#8220;off&#8220; _builder_version=&#8220;4.9.11&#8243; _module_preset=&#8220;default&#8220; height=&#8220;2vw&#8220; custom_margin=&#8220;||||false|false&#8220; custom_padding=&#8220;||||false|false&#8220; custom_css_main_element=&#8220;display:inline-block;||vertical-align: top;||padding-top:5vw;||padding-left:10px;&#8220; global_colors_info=&#8220;{}&#8220; src__hover_enabled=&#8220;on|hover&#8220; src__hover=&#8220;https:\/\/www.elektromaul.de\/de\/wp-content\/uploads\/2021\/08\/Aktuelles_hover.svg&#8220;][\/et_pb_image][et_pb_image src=&#8220;https:\/\/www.elektromaul.de\/de\/wp-content\/uploads\/2021\/08\/Kompetenzen.svg&#8220; title_text=&#8220;Kompetenzen_hover&#8220; url=&#8220;https:\/\/www.elektromaul.de\/de\/Startseite#unsere_kompetenzen&#8220; show_bottom_space=&#8220;off&#8220; _builder_version=&#8220;4.9.11&#8243; _module_preset=&#8220;default&#8220; height=&#8220;2vw&#8220; custom_margin=&#8220;||||false|false&#8220; custom_padding=&#8220;||||false|false&#8220; custom_css_main_element=&#8220;display:inline-block;||vertical-align: top;||padding-top:5vw;||padding-left:10px;&#8220; global_colors_info=&#8220;{}&#8220; src__hover_enabled=&#8220;on|hover&#8220; src__hover=&#8220;https:\/\/www.elektromaul.de\/de\/wp-content\/uploads\/2021\/08\/Kompetenzen_hover.svg&#8220;][\/et_pb_image][et_pb_image src=&#8220;https:\/\/www.elektromaul.de\/de\/wp-content\/uploads\/2021\/08\/Partner.svg&#8220; title_text=&#8220;Partner_hover&#8220; url=&#8220;https:\/\/www.elektromaul.de\/de\/Startseite#unsere_markenpartner&#8220; show_bottom_space=&#8220;off&#8220; _builder_version=&#8220;4.9.11&#8243; _module_preset=&#8220;default&#8220; height=&#8220;2vw&#8220; custom_margin=&#8220;||||false|false&#8220; custom_padding=&#8220;||||false|false&#8220; custom_css_main_element=&#8220;display:inline-block;||vertical-align: top;||padding-top:5vw;||padding-left:10px;&#8220; global_colors_info=&#8220;{}&#8220; src__hover_enabled=&#8220;on|hover&#8220; src__hover=&#8220;https:\/\/www.elektromaul.de\/de\/wp-content\/uploads\/2021\/08\/Partner_hover.svg&#8220;][\/et_pb_image][et_pb_image src=&#8220;https:\/\/www.elektromaul.de\/de\/wp-content\/uploads\/2021\/08\/Kontakt.svg&#8220; title_text=&#8220;Kontakt_hover&#8220; url=&#8220;#kontakt&#8220; show_bottom_space=&#8220;off&#8220; _builder_version=&#8220;4.10.1&#8243; _module_preset=&#8220;default&#8220; height=&#8220;2vw&#8220; custom_margin=&#8220;||||false|false&#8220; custom_padding=&#8220;||||false|false&#8220; custom_css_main_element=&#8220;display:inline-block;||vertical-align: top;||padding-top:5vw;||padding-left:10px;&#8220; global_colors_info=&#8220;{}&#8220; src__hover_enabled=&#8220;on|hover&#8220; src__hover=&#8220;https:\/\/www.elektromaul.de\/de\/wp-content\/uploads\/2021\/08\/Kontakt_hover.svg&#8220;][\/et_pb_image][\/et_pb_column][\/et_pb_row][\/et_pb_section][et_pb_section fb_built=&#8220;1&#8243; _builder_version=&#8220;4.9.11&#8243; _module_preset=&#8220;default&#8220; width=&#8220;100%&#8220; max_width=&#8220;100%&#8220; custom_margin=&#8220;0px|0px|0px|0px|false|false&#8220; custom_padding=&#8220;0px|0px|0px|0px|false|false&#8220; global_colors_info=&#8220;{}&#8220;][et_pb_row column_structure=&#8220;1_2,1_2&#8243; _builder_version=&#8220;4.9.11&#8243; _module_preset=&#8220;default&#8220; z_index=&#8220;999&#8243; width=&#8220;90%&#8220; max_width=&#8220;90%&#8220; custom_margin=&#8220;||||false|false&#8220; custom_padding=&#8220;||0px||false|false&#8220; saved_tabs=&#8220;all&#8220; global_colors_info=&#8220;{}&#8220;][et_pb_column type=&#8220;1_2&#8243; _builder_version=&#8220;4.9.11&#8243; _module_preset=&#8220;default&#8220; global_colors_info=&#8220;{}&#8220;][et_pb_text _builder_version=&#8220;4.9.11&#8243; _module_preset=&#8220;default&#8220; header_3_line_height=&#8220;1.4em&#8220; global_colors_info=&#8220;{}&#8220;]<\/p>\n<h3><strong><span>Flotte wird umger\u00fcstet auf Elektromobilit\u00e4t<\/span><\/strong><\/h3>\n<p>[\/et_pb_text][et_pb_text _builder_version=&#8220;4.9.11&#8243; _module_preset=&#8220;default&#8220; custom_padding=&#8220;||9px|||&#8220; global_colors_info=&#8220;{}&#8220;]<\/p>\n<div class=\"clearfix grpelem shared_content\" id=\"u36307-4\" data-content-guid=\"u36307-4_content\">\n<p><span style=\"font-size: 14px;\">Unseren Betrieb klimaneutral zu bekommen ist in greifbarer N\u00e4he.<\/span><\/p>\n<div class=\"x11i5rnm xat24cr x1mh8g0r x1vvkbs xtlvy1s x126k92a\">\n<div dir=\"auto\">Nach Investitionen in eigene PV Anlagen zur Eigenstromnutzung, Hackschnitzelheizung in Verbindung mit W\u00e4rmepumpentechnologie, Umr\u00fcstung der Beleuchtungsanlage in energieeffiziente LED Technik wird nun der Fuhrpark suggestiv auf E-Mobilit\u00e4t umgestellt.<\/div>\n<div dir=\"auto\"><\/div>\n<div dir=\"auto\"><\/div>\n<div dir=\"auto\"><\/div>\n<div dir=\"auto\"><\/div>\n<div dir=\"auto\"><\/div>\n<\/div>\n<div class=\"x11i5rnm xat24cr x1mh8g0r x1vvkbs xtlvy1s x126k92a\">\n<div dir=\"auto\">\u00a0<\/div>\n<div dir=\"auto\">\n<p>Der Gro\u00dfteil unserer Fahrzeuge sind mittlerweile umgestellt und \u201etankt\u201c \u00fcber die hauseigene PV Anlage mit Sonnenenergie.<\/p>\n<p>&nbsp;<\/p>\n<\/div>\n<\/div>\n<div class=\"x11i5rnm xat24cr x1mh8g0r x1vvkbs xtlvy1s x126k92a\">\n<div dir=\"auto\">Die <span><a tabindex=\"-1\"><\/a><\/span>restlichen Fahrzeuge werden nach und nach ersetzt.<\/div>\n<\/div>\n<div class=\"x11i5rnm xat24cr x1mh8g0r x1vvkbs xtlvy1s x126k92a\">\n<div dir=\"auto\">Den Nachhaltigkeit wird bei uns gro\u00df geschrieben!<\/div>\n<\/div>\n<p id=\"u47383-5\">\n<\/div>\n<p>[\/et_pb_text][\/et_pb_column][et_pb_column type=&#8220;1_2&#8243; _builder_version=&#8220;4.9.11&#8243; _module_preset=&#8220;default&#8220; global_colors_info=&#8220;{}&#8220;][et_pb_image src=&#8220;https:\/\/www.elektromaul.de\/de\/wp-content\/uploads\/2024\/04\/368471498_782340597229815_4635675572892209336_n.jpg&#8220; title_text=&#8220;368471498_782340597229815_4635675572892209336_n&#8220; show_in_lightbox=&#8220;on&#8220; _builder_version=&#8220;4.14.8&#8243; _module_preset=&#8220;default&#8220; border_width_top=&#8220;2px&#8220; border_color_top=&#8220;#C7362F&#8220; global_colors_info=&#8220;{}&#8220;][\/et_pb_image][\/et_pb_column][\/et_pb_row][\/et_pb_section]<\/p>\n","protected":false},"excerpt":{"rendered":"<p>Flotte wird umger\u00fcstet auf Elektromobilit\u00e4t Unseren Betrieb klimaneutral zu bekommen ist in greifbarer N\u00e4he. Nach Investitionen in eigene PV Anlagen zur Eigenstromnutzung, Hackschnitzelheizung in Verbindung mit W\u00e4rmepumpentechnologie, Umr\u00fcstung der Beleuchtungsanlage in energieeffiziente LED Technik wird nun der Fuhrpark suggestiv auf E-Mobilit\u00e4t umgestellt. \u00a0 Der Gro\u00dfteil unserer Fahrzeuge sind mittlerweile umgestellt und \u201etankt\u201c \u00fcber die hauseigene [&hellip;]<\/p>\n","protected":false},"author":1,"featured_media":0,"parent":0,"menu_order":0,"comment_status":"closed","ping_status":"closed","template":"","meta":{"_et_pb_use_builder":"on","_et_pb_old_content":"","_et_gb_content_width":"","footnotes":""},"class_list":["post-285","page","type-page","status-publish","hentry"],"_links":{"self":[{"href":"https:\/\/www.elektromaul.de\/de\/wp-json\/wp\/v2\/pages\/285","targetHints":{"allow":["GET"]}}],"collection":[{"href":"https:\/\/www.elektromaul.de\/de\/wp-json\/wp\/v2\/pages"}],"about":[{"href":"https:\/\/www.elektromaul.de\/de\/wp-json\/wp\/v2\/types\/page"}],"author":[{"embeddable":true,"href":"https:\/\/www.elektromaul.de\/de\/wp-json\/wp\/v2\/users\/1"}],"replies":[{"embeddable":true,"href":"https:\/\/www.elektromaul.de\/de\/wp-json\/wp\/v2\/comments?post=285"}],"version-history":[{"count":13,"href":"https:\/\/www.elektromaul.de\/de\/wp-json\/wp\/v2\/pages\/285\/revisions"}],"predecessor-version":[{"id":831,"href":"https:\/\/www.elektromaul.de\/de\/wp-json\/wp\/v2\/pages\/285\/revisions\/831"}],"wp:attachment":[{"href":"https:\/\/www.elektromaul.de\/de\/wp-json\/wp\/v2\/media?parent=285"}],"curies":[{"name":"wp","href":"https:\/\/api.w.org\/{rel}","templated":true}]}}