{"id":416,"date":"2021-12-01T10:22:02","date_gmt":"2021-12-01T09:22:02","guid":{"rendered":"https:\/\/www.elektromaul.de\/de\/?page_id=416"},"modified":"2025-03-19T14:17:21","modified_gmt":"2025-03-19T13:17:21","slug":"energetische-sanierung-tennishalle","status":"publish","type":"page","link":"https:\/\/www.elektromaul.de\/de\/energetische-sanierung-tennishalle\/","title":{"rendered":"Energetische Sanierung Tennishalle"},"content":{"rendered":"<p>[et_pb_section fb_built=&#8220;1&#8243; disabled_on=&#8220;on|off|off&#8220; _builder_version=&#8220;4.16&#8243; _module_preset=&#8220;default&#8220; width=&#8220;100%&#8220; max_width=&#8220;100%&#8220; custom_margin=&#8220;0px|0px|0px|0px|false|false&#8220; custom_padding=&#8220;0px|0px|0px|0px|false|false&#8220; locked=&#8220;off&#8220; global_colors_info=&#8220;{}&#8220;][et_pb_row disabled_on=&#8220;off|off|off&#8220; _builder_version=&#8220;4.16&#8243; _module_preset=&#8220;default&#8220; use_background_color_gradient=&#8220;on&#8220; background_color_gradient_stops=&#8220;#d4d6d8 60%|rgba(255,255,255,0) 60%&#8220; background_color_gradient_start=&#8220;#d4d6d8&#8243; background_color_gradient_start_position=&#8220;60%&#8220; background_color_gradient_end=&#8220;rgba(255,255,255,0)&#8220; background_color_gradient_end_position=&#8220;60%&#8220; z_index=&#8220;99998&#8243; width=&#8220;100%&#8220; max_width=&#8220;100%&#8220; custom_margin=&#8220;0px|0px|0px|0px|false|false&#8220; custom_padding=&#8220;0px||||false|false&#8220; sticky_position=&#8220;top&#8220; sticky_offset_top=&#8220;33px&#8220; sticky_offset_surrounding=&#8220;off&#8220; global_colors_info=&#8220;{}&#8220;][et_pb_column type=&#8220;4_4&#8243; _builder_version=&#8220;4.16&#8243; _module_preset=&#8220;default&#8220; global_colors_info=&#8220;{}&#8220;][et_pb_image src=&#8220;https:\/\/www.elektromaul.de\/de\/wp-content\/uploads\/2021\/08\/maul_logosymbol.svg&#8220; title_text=&#8220;maul_logosymbol&#8220; url=&#8220;@ET-DC@eyJkeW5hbWljIjp0cnVlLCJjb250ZW50IjoicG9zdF9saW5rX3VybF9wYWdlIiwic2V0dGluZ3MiOnsicG9zdF9pZCI6IjE2In19@&#8220; _builder_version=&#8220;4.16&#8243; _dynamic_attributes=&#8220;url&#8220; _module_preset=&#8220;default&#8220; width=&#8220;30vw&#8220; custom_margin=&#8220;0px||0px||false|false&#8220; custom_padding=&#8220;0px||0px||false|false&#8220; custom_css_main_element=&#8220;display:inline-block;&#8220; global_colors_info=&#8220;{}&#8220;][\/et_pb_image][et_pb_image src=&#8220;https:\/\/www.elektromaul.de\/de\/wp-content\/uploads\/2021\/08\/Uns.svg&#8220; title_text=&#8220;Uns_hover&#8220; url=&#8220;https:\/\/www.elektromaul.de\/de\/Startseite#ueber_uns&#8220; show_bottom_space=&#8220;off&#8220; _builder_version=&#8220;4.16&#8243; _module_preset=&#8220;default&#8220; height=&#8220;2vw&#8220; custom_margin=&#8220;||||false|false&#8220; custom_padding=&#8220;||||false|false&#8220; custom_css_main_element=&#8220;display:inline-block;||vertical-align: top;||padding-top:5vw;||padding-left:100px;&#8220; global_colors_info=&#8220;{}&#8220; src__hover_enabled=&#8220;on|hover&#8220; src__hover=&#8220;https:\/\/www.elektromaul.de\/de\/wp-content\/uploads\/2021\/08\/Uns_hover.svg&#8220;][\/et_pb_image][et_pb_image src=&#8220;https:\/\/www.elektromaul.de\/de\/wp-content\/uploads\/2021\/08\/Aktuelles.svg&#8220; title_text=&#8220;Aktuelles_hover&#8220; url=&#8220;https:\/\/www.elektromaul.de\/de\/Startseite#aktuelles&#8220; show_bottom_space=&#8220;off&#8220; _builder_version=&#8220;4.16&#8243; _module_preset=&#8220;default&#8220; height=&#8220;2vw&#8220; custom_margin=&#8220;||||false|false&#8220; custom_padding=&#8220;||||false|false&#8220; custom_css_main_element=&#8220;display:inline-block;||vertical-align: top;||padding-top:5vw;||padding-left:10px;&#8220; global_colors_info=&#8220;{}&#8220; src__hover_enabled=&#8220;on|hover&#8220; src__hover=&#8220;https:\/\/www.elektromaul.de\/de\/wp-content\/uploads\/2021\/08\/Aktuelles_hover.svg&#8220;][\/et_pb_image][et_pb_image src=&#8220;https:\/\/www.elektromaul.de\/de\/wp-content\/uploads\/2021\/08\/Kompetenzen.svg&#8220; title_text=&#8220;Kompetenzen_hover&#8220; url=&#8220;https:\/\/www.elektromaul.de\/de\/Startseite#unsere_kompetenzen&#8220; show_bottom_space=&#8220;off&#8220; _builder_version=&#8220;4.16&#8243; _module_preset=&#8220;default&#8220; height=&#8220;2vw&#8220; custom_margin=&#8220;||||false|false&#8220; custom_padding=&#8220;||||false|false&#8220; custom_css_main_element=&#8220;display:inline-block;||vertical-align: top;||padding-top:5vw;||padding-left:10px;&#8220; global_colors_info=&#8220;{}&#8220; src__hover_enabled=&#8220;on|hover&#8220; src__hover=&#8220;https:\/\/www.elektromaul.de\/de\/wp-content\/uploads\/2021\/08\/Kompetenzen_hover.svg&#8220;][\/et_pb_image][et_pb_image src=&#8220;https:\/\/www.elektromaul.de\/de\/wp-content\/uploads\/2021\/08\/Partner.svg&#8220; title_text=&#8220;Partner_hover&#8220; url=&#8220;https:\/\/www.elektromaul.de\/de\/Startseite#unsere_markenpartner&#8220; show_bottom_space=&#8220;off&#8220; _builder_version=&#8220;4.16&#8243; _module_preset=&#8220;default&#8220; height=&#8220;2vw&#8220; custom_margin=&#8220;||||false|false&#8220; custom_padding=&#8220;||||false|false&#8220; custom_css_main_element=&#8220;display:inline-block;||vertical-align: top;||padding-top:5vw;||padding-left:10px;&#8220; global_colors_info=&#8220;{}&#8220; src__hover_enabled=&#8220;on|hover&#8220; src__hover=&#8220;https:\/\/www.elektromaul.de\/de\/wp-content\/uploads\/2021\/08\/Partner_hover.svg&#8220;][\/et_pb_image][et_pb_image src=&#8220;https:\/\/www.elektromaul.de\/de\/wp-content\/uploads\/2021\/08\/Kontakt.svg&#8220; title_text=&#8220;Kontakt_hover&#8220; url=&#8220;#kontakt&#8220; show_bottom_space=&#8220;off&#8220; _builder_version=&#8220;4.16&#8243; _module_preset=&#8220;default&#8220; height=&#8220;2vw&#8220; custom_margin=&#8220;||||false|false&#8220; custom_padding=&#8220;||||false|false&#8220; custom_css_main_element=&#8220;display:inline-block;||vertical-align: top;||padding-top:5vw;||padding-left:10px;&#8220; global_colors_info=&#8220;{}&#8220; src__hover_enabled=&#8220;on|hover&#8220; src__hover=&#8220;https:\/\/www.elektromaul.de\/de\/wp-content\/uploads\/2021\/08\/Kontakt_hover.svg&#8220;][\/et_pb_image][\/et_pb_column][\/et_pb_row][\/et_pb_section][et_pb_section fb_built=&#8220;1&#8243; _builder_version=&#8220;4.16&#8243; _module_preset=&#8220;default&#8220; width=&#8220;100%&#8220; max_width=&#8220;100%&#8220; custom_margin=&#8220;0px|0px|0px|0px|false|false&#8220; custom_padding=&#8220;0px|0px|0px|0px|false|false&#8220; global_colors_info=&#8220;{}&#8220;][et_pb_row column_structure=&#8220;1_2,1_2&#8243; _builder_version=&#8220;4.16&#8243; _module_preset=&#8220;default&#8220; z_index=&#8220;999&#8243; width=&#8220;90%&#8220; max_width=&#8220;90%&#8220; custom_margin=&#8220;||||false|false&#8220; custom_padding=&#8220;||0px||false|false&#8220; saved_tabs=&#8220;all&#8220; global_colors_info=&#8220;{}&#8220;][et_pb_column type=&#8220;1_2&#8243; _builder_version=&#8220;4.16&#8243; _module_preset=&#8220;default&#8220; global_colors_info=&#8220;{}&#8220;][et_pb_text _builder_version=&#8220;4.16&#8243; _module_preset=&#8220;default&#8220; header_3_line_height=&#8220;1.4em&#8220; global_colors_info=&#8220;{}&#8220;]<\/p>\n<h3><strong>Ein neues Kapitel beginnt! <br \/><\/strong><\/h3>\n<p>[\/et_pb_text][et_pb_text _builder_version=&#8220;4.16&#8243; _module_preset=&#8220;default&#8220; global_colors_info=&#8220;{}&#8220;]<\/p>\n<div class=\"clearfix grpelem shared_content\" id=\"u36307-4\" data-content-guid=\"u36307-4_content\">\n<div class=\"kvgmc6g5 cxmmr5t8 oygrvhab hcukyx3x c1et5uql ii04i59q\"><\/div>\n<div class=\"cxmmr5t8 oygrvhab hcukyx3x c1et5uql o9v6fnle ii04i59q\">\n<div dir=\"auto\">Mit Stolz und voller Freude darf ich verk\u00fcnden, dass mein Sohn Lukas Maul nun in die 4. Generation unseres Familien- Elektrobetriebs eingestiegen ist! \u00a0<\/p>\n<p>Damit ist nicht nur unsere Tradition gesichert, sondern auch ein frischer Wind voller Visionen f\u00fcr die Zukunft. <\/p>\n<p>Gemeinsam blicken wir voller Zuversicht auf die kommenden Jahre!<\/p>\n<p>Ein gro\u00dfes Dankesch\u00f6n an all unseren treuen Kunden, Partner und Mitarbeiter f\u00fcr die wertvolle Zusammenarbeiten-\u00a0 ihr seid ein wesentlicher Teil unserer Erfolgsgeschichte! <\/p>\n<p>Auf die n\u00e4chsten Jahrzehnte &#8211; stark, verbunden und zukunftsorientiert! <\/p>\n<p>Willst du auch ein Teil unseres Teams werden? Dann bewerbe Dich gerne. <\/p><\/div>\n<\/div>\n<\/div>\n<p>[\/et_pb_text][\/et_pb_column][et_pb_column type=&#8220;1_2&#8243; _builder_version=&#8220;4.16&#8243; _module_preset=&#8220;default&#8220; global_colors_info=&#8220;{}&#8220;][et_pb_image src=&#8220;https:\/\/www.elektromaul.de\/de\/wp-content\/uploads\/2025\/03\/Lukas-und-Helmut-Bild-Weihnachten-2024-scaled-e1742389192528.jpg&#8220; title_text=&#8220;Lukas und Helmut Bild Weihnachten 2024&#8243; _builder_version=&#8220;4.24.3&#8243; _module_preset=&#8220;default&#8220; hover_enabled=&#8220;0&#8243; global_colors_info=&#8220;{}&#8220; sticky_enabled=&#8220;0&#8243;][\/et_pb_image][\/et_pb_column][\/et_pb_row][\/et_pb_section]<\/p>\n","protected":false},"excerpt":{"rendered":"<p>Ein neues Kapitel beginnt! Mit Stolz und voller Freude darf ich verk\u00fcnden, dass mein Sohn Lukas Maul nun in die 4. Generation unseres Familien- Elektrobetriebs eingestiegen ist! \u00a0Damit ist nicht nur unsere Tradition gesichert, sondern auch ein frischer Wind voller Visionen f\u00fcr die Zukunft. Gemeinsam blicken wir voller Zuversicht auf die kommenden Jahre!Ein gro\u00dfes Dankesch\u00f6n [&hellip;]<\/p>\n","protected":false},"author":1,"featured_media":0,"parent":0,"menu_order":0,"comment_status":"closed","ping_status":"closed","template":"","meta":{"_et_pb_use_builder":"on","_et_pb_old_content":"","_et_gb_content_width":"","footnotes":""},"class_list":["post-416","page","type-page","status-publish","hentry"],"_links":{"self":[{"href":"https:\/\/www.elektromaul.de\/de\/wp-json\/wp\/v2\/pages\/416","targetHints":{"allow":["GET"]}}],"collection":[{"href":"https:\/\/www.elektromaul.de\/de\/wp-json\/wp\/v2\/pages"}],"about":[{"href":"https:\/\/www.elektromaul.de\/de\/wp-json\/wp\/v2\/types\/page"}],"author":[{"embeddable":true,"href":"https:\/\/www.elektromaul.de\/de\/wp-json\/wp\/v2\/users\/1"}],"replies":[{"embeddable":true,"href":"https:\/\/www.elektromaul.de\/de\/wp-json\/wp\/v2\/comments?post=416"}],"version-history":[{"count":15,"href":"https:\/\/www.elektromaul.de\/de\/wp-json\/wp\/v2\/pages\/416\/revisions"}],"predecessor-version":[{"id":854,"href":"https:\/\/www.elektromaul.de\/de\/wp-json\/wp\/v2\/pages\/416\/revisions\/854"}],"wp:attachment":[{"href":"https:\/\/www.elektromaul.de\/de\/wp-json\/wp\/v2\/media?parent=416"}],"curies":[{"name":"wp","href":"https:\/\/api.w.org\/{rel}","templated":true}]}}